{"id":211,"date":"2024-01-22T11:48:57","date_gmt":"2024-01-22T14:48:57","guid":{"rendered":"https:\/\/desenvolvimento.bravo.st\/hbb\/?page_id=211"},"modified":"2024-02-15T16:20:19","modified_gmt":"2024-02-15T19:20:19","slug":"opo","status":"publish","type":"page","link":"https:\/\/www.hbb.com.br\/site\/conheca-o-hbb\/opo\/","title":{"rendered":"Organiza\u00e7\u00e3o de Procura de \u00d3rg\u00e3os"},"content":{"rendered":"","protected":false},"excerpt":{"rendered":"","protected":false},"author":1,"featured_media":0,"parent":138,"menu_order":0,"comment_status":"closed","ping_status":"closed","template":"","meta":{"_acf_changed":false,"footnotes":""},"acf":[],"_links":{"self":[{"href":"https:\/\/www.hbb.com.br\/site\/wp-json\/wp\/v2\/pages\/211"}],"collection":[{"href":"https:\/\/www.hbb.com.br\/site\/wp-json\/wp\/v2\/pages"}],"about":[{"href":"https:\/\/www.hbb.com.br\/site\/wp-json\/wp\/v2\/types\/page"}],"author":[{"embeddable":true,"href":"https:\/\/www.hbb.com.br\/site\/wp-json\/wp\/v2\/users\/1"}],"replies":[{"embeddable":true,"href":"https:\/\/www.hbb.com.br\/site\/wp-json\/wp\/v2\/comments?post=211"}],"version-history":[{"count":17,"href":"https:\/\/www.hbb.com.br\/site\/wp-json\/wp\/v2\/pages\/211\/revisions"}],"predecessor-version":[{"id":2218,"href":"https:\/\/www.hbb.com.br\/site\/wp-json\/wp\/v2\/pages\/211\/revisions\/2218"}],"up":[{"embeddable":true,"href":"https:\/\/www.hbb.com.br\/site\/wp-json\/wp\/v2\/pages\/138"}],"wp:attachment":[{"href":"https:\/\/www.hbb.com.br\/site\/wp-json\/wp\/v2\/media?parent=211"}],"curies":[{"name":"wp","href":"https:\/\/api.w.org\/{rel}","templated":true}]}}