{"id":2052,"date":"2024-02-02T13:52:26","date_gmt":"2024-02-02T16:52:26","guid":{"rendered":"https:\/\/desenvolvimento.bravo.st\/hbb\/?page_id=2052"},"modified":"2024-02-15T13:18:53","modified_gmt":"2024-02-15T16:18:53","slug":"solicitacao-de-prontuario-de-pacient","status":"publish","type":"page","link":"https:\/\/www.hbb.com.br\/site\/pacientes-e-visitantes\/solicitacao-de-prontuario-de-pacient\/","title":{"rendered":"Solicita\u00e7\u00e3o de Prontu\u00e1rio de Paciente"},"content":{"rendered":"","protected":false},"excerpt":{"rendered":"","protected":false},"author":1,"featured_media":0,"parent":290,"menu_order":0,"comment_status":"closed","ping_status":"closed","template":"","meta":{"_acf_changed":false,"footnotes":""},"acf":[],"_links":{"self":[{"href":"https:\/\/www.hbb.com.br\/site\/wp-json\/wp\/v2\/pages\/2052"}],"collection":[{"href":"https:\/\/www.hbb.com.br\/site\/wp-json\/wp\/v2\/pages"}],"about":[{"href":"https:\/\/www.hbb.com.br\/site\/wp-json\/wp\/v2\/types\/page"}],"author":[{"embeddable":true,"href":"https:\/\/www.hbb.com.br\/site\/wp-json\/wp\/v2\/users\/1"}],"replies":[{"embeddable":true,"href":"https:\/\/www.hbb.com.br\/site\/wp-json\/wp\/v2\/comments?post=2052"}],"version-history":[{"count":4,"href":"https:\/\/www.hbb.com.br\/site\/wp-json\/wp\/v2\/pages\/2052\/revisions"}],"predecessor-version":[{"id":2057,"href":"https:\/\/www.hbb.com.br\/site\/wp-json\/wp\/v2\/pages\/2052\/revisions\/2057"}],"up":[{"embeddable":true,"href":"https:\/\/www.hbb.com.br\/site\/wp-json\/wp\/v2\/pages\/290"}],"wp:attachment":[{"href":"https:\/\/www.hbb.com.br\/site\/wp-json\/wp\/v2\/media?parent=2052"}],"curies":[{"name":"wp","href":"https:\/\/api.w.org\/{rel}","templated":true}]}}